{"id":16,"date":"2022-02-14T08:52:22","date_gmt":"2022-02-14T08:52:22","guid":{"rendered":"https:\/\/kirikumoisa.eu\/?page_id=16"},"modified":"2022-02-25T11:37:57","modified_gmt":"2022-02-25T09:37:57","slug":"teineleht","status":"publish","type":"page","link":"https:\/\/kirikumoisa.eu\/?page_id=16","title":{"rendered":"Kontakt"},"content":{"rendered":"<p><strong>J\u00f5el\u00e4htme Kirikum\u00f5isa Sihtasutus<\/strong><br \/>\nReg. kood 90015554<br \/>\nLHV A\/A EE907700771007276357<br \/>\nBIC LHVBEE22<br \/>\nPayPali konto: joelahtme@kirikumoisa.eu<\/p>\n<p><strong>Juhatuse liikmed:<\/strong><br \/>\nKert Veiper<br \/>\njoelahtme@kirikumoisa.eu<br \/>\nTelefon +372 5100407<br \/>\nMargus Kirja<\/p>\n<p><strong>N\u00f5ukogu liikmed:<\/strong><br \/>\nErik Sepping<br \/>\nLaurits Leedj\u00e4rv<br \/>\nPriit P\u00f5ldma<br \/>\nPiret Pintman-Hellaste<br \/>\nTauno Kibur<\/p>\n","protected":false},"excerpt":{"rendered":"<p>J\u00f5el\u00e4htme Kirikum\u00f5isa Sihtasutus Reg. kood 90015554 LHV A\/A EE907700771007276357 BIC LHVBEE22 PayPali konto: joelahtme@kirikumoisa.eu Juhatuse liikmed: Kert Veiper joelahtme@kirikumoisa.eu Telefon +372 5100407 Margus Kirja N\u00f5ukogu liikmed: Erik Sepping Laurits Leedj\u00e4rv Priit P\u00f5ldma Piret Pintman-Hellaste Tauno Kibur<\/p>\n","protected":false},"author":1,"featured_media":0,"parent":0,"menu_order":0,"comment_status":"closed","ping_status":"closed","template":"","meta":{"footnotes":""},"class_list":["post-16","page","type-page","status-publish","hentry","no-featured-image"],"_links":{"self":[{"href":"https:\/\/kirikumoisa.eu\/index.php?rest_route=\/wp\/v2\/pages\/16","targetHints":{"allow":["GET"]}}],"collection":[{"href":"https:\/\/kirikumoisa.eu\/index.php?rest_route=\/wp\/v2\/pages"}],"about":[{"href":"https:\/\/kirikumoisa.eu\/index.php?rest_route=\/wp\/v2\/types\/page"}],"author":[{"embeddable":true,"href":"https:\/\/kirikumoisa.eu\/index.php?rest_route=\/wp\/v2\/users\/1"}],"replies":[{"embeddable":true,"href":"https:\/\/kirikumoisa.eu\/index.php?rest_route=%2Fwp%2Fv2%2Fcomments&post=16"}],"version-history":[{"count":17,"href":"https:\/\/kirikumoisa.eu\/index.php?rest_route=\/wp\/v2\/pages\/16\/revisions"}],"predecessor-version":[{"id":258,"href":"https:\/\/kirikumoisa.eu\/index.php?rest_route=\/wp\/v2\/pages\/16\/revisions\/258"}],"wp:attachment":[{"href":"https:\/\/kirikumoisa.eu\/index.php?rest_route=%2Fwp%2Fv2%2Fmedia&parent=16"}],"curies":[{"name":"wp","href":"https:\/\/api.w.org\/{rel}","templated":true}]}}