{"id":2,"date":"2022-02-14T08:31:00","date_gmt":"2022-02-14T08:31:00","guid":{"rendered":"https:\/\/kirikumoisa.eu\/?page_id=2"},"modified":"2022-04-26T19:35:11","modified_gmt":"2022-04-26T17:35:11","slug":"sample-page","status":"publish","type":"page","link":"https:\/\/kirikumoisa.eu\/?page_id=2","title":{"rendered":"In English"},"content":{"rendered":"<div id=\"attachment_333\" style=\"width: 310px\" class=\"wp-caption alignright\"><img loading=\"lazy\" decoding=\"async\" aria-describedby=\"caption-attachment-333\" class=\"wp-image-333 size-medium\" src=\"https:\/\/kirikumoisa.eu\/wp-content\/uploads\/2022\/03\/209B83EB-325C-42A1-96ED-A6463B175C4D-300x224.jpeg\" alt=\"\" width=\"300\" height=\"224\" srcset=\"https:\/\/kirikumoisa.eu\/wp-content\/uploads\/2022\/03\/209B83EB-325C-42A1-96ED-A6463B175C4D-300x224.jpeg 300w, https:\/\/kirikumoisa.eu\/wp-content\/uploads\/2022\/03\/209B83EB-325C-42A1-96ED-A6463B175C4D-1024x765.jpeg 1024w, https:\/\/kirikumoisa.eu\/wp-content\/uploads\/2022\/03\/209B83EB-325C-42A1-96ED-A6463B175C4D-768x574.jpeg 768w, https:\/\/kirikumoisa.eu\/wp-content\/uploads\/2022\/03\/209B83EB-325C-42A1-96ED-A6463B175C4D-1536x1148.jpeg 1536w, https:\/\/kirikumoisa.eu\/wp-content\/uploads\/2022\/03\/209B83EB-325C-42A1-96ED-A6463B175C4D-800x598.jpeg 800w, https:\/\/kirikumoisa.eu\/wp-content\/uploads\/2022\/03\/209B83EB-325C-42A1-96ED-A6463B175C4D.jpeg 1642w\" sizes=\"auto, (max-width: 300px) 100vw, 300px\" \/><p id=\"caption-attachment-333\" class=\"wp-caption-text\">A photo of the organ from the 1930s<\/p><\/div>\n<p><strong>J\u00f5el\u00e4htme Kirikum\u00f5isa Sihtasutus<\/strong><br \/>\nThe foundation was set up by MT\u00dc J\u00f5el\u00e4htme Kirikum\u00f5isa S\u00f5prade Selts (a non-profit organisation), J\u00f5el\u00e4htme vallavalitsus (J\u00f5el\u00e4htme municipality), and J\u00f5el\u00e4htme kogudus (J\u00f5el\u00e4htme Congregation). According to the statute, the aim of the foundation is to seek for funds and undertake the necessary construction work in order to renovate the vicarage, the other adjacent buildings as well as the infrastructure, including the interior fittings and furniture of the church and the vicarage.<\/p>\n<p><strong>The organ<\/strong><br \/>\nThe organ of J\u00f5el\u00e4htme church was vandalised during WWII, and it has not been used for many years. The king of all musical instruments in St Mary\u2019s Church in J\u00f5el\u00e4htme is still waiting for the support of all of those who care for the well-being of one of the oldest churches in Estonia.<br \/>\nDear friend, you can also lend a hand so that the organ could once again sound for the delectation of men and to the glory of God.<\/p>\n<p><strong>The pipes <img loading=\"lazy\" decoding=\"async\" class=\"size-medium wp-image-148 alignleft\" src=\"https:\/\/kirikumoisa.eu\/wp-content\/uploads\/2022\/02\/8CDBAB84-0329-40B3-80B2-5C89D1498CC9-300x177.jpeg\" alt=\"\" width=\"300\" height=\"177\" srcset=\"https:\/\/kirikumoisa.eu\/wp-content\/uploads\/2022\/02\/8CDBAB84-0329-40B3-80B2-5C89D1498CC9-300x177.jpeg 300w, https:\/\/kirikumoisa.eu\/wp-content\/uploads\/2022\/02\/8CDBAB84-0329-40B3-80B2-5C89D1498CC9-1024x605.jpeg 1024w, https:\/\/kirikumoisa.eu\/wp-content\/uploads\/2022\/02\/8CDBAB84-0329-40B3-80B2-5C89D1498CC9-768x454.jpeg 768w, https:\/\/kirikumoisa.eu\/wp-content\/uploads\/2022\/02\/8CDBAB84-0329-40B3-80B2-5C89D1498CC9-1536x908.jpeg 1536w, https:\/\/kirikumoisa.eu\/wp-content\/uploads\/2022\/02\/8CDBAB84-0329-40B3-80B2-5C89D1498CC9-2048x1210.jpeg 2048w, https:\/\/kirikumoisa.eu\/wp-content\/uploads\/2022\/02\/8CDBAB84-0329-40B3-80B2-5C89D1498CC9-800x473.jpeg 800w\" sizes=\"auto, (max-width: 300px) 100vw, 300px\" \/><\/strong><br \/>\nAnyone can donate and become the owner of a pipe named after him\/her. A pipe can be bought as a gift to someone, to commemorate a dear one who has passed away, or as an investment.<br \/>\nJ\u00f5el\u00e4htme Kirikum\u00f5isa Sihtasutus (the Foundation) has decided to start with the renovation of the organ made by Gustav Normann. The organ was vandalised during WWII. After the war, an attempt was made to repair the organ so that it could be played. However, it has been silent for the last 25 years or so, mainly because it lacks many pipes and needs to be renovated as well as modernised.<br \/>\nThe author of the idea and disposition of the organ of J\u00f5el\u00e4htme Church is Professor Andres Uibo. It has been estimated that the restoration will cost about 250 000 euros.<br \/>\nOnce the Foundation makes a contract with Martin ter Haseborg, it will have to pay a 10% down payment before the work can start. This is why the Foundation has started selling the nametags for the pipes to all who are interested in supporting the restoration.<br \/>\nThe organ has 17 stops (registers) that consist of 56 pipes each; the pedal rank has 30 pipes. A pipe costs from 30 euros upwards (see the chart for the pipes and prices). Every person who donates will have his\/her name written in the records; and a certificate (either an electronic or a paper one) will be issued proving the purchase. In order to get the certificate, please contact the Foundation at joelahtme@kirikumoisa.eu<br \/>\nOne can buy, or gift, (a) pipe(s) to &#8230;<\/p>\n<ul>\n<li dir=\"auto\">express joy or thanks<\/li>\n<li dir=\"auto\">celebrate the day of one\u2019s birth, baptism, wedding, or confirmation<\/li>\n<li dir=\"auto\">commemorate a dear one passed away<\/li>\n<li dir=\"auto\">celebrate an important family occasion or anniversary<\/li>\n<\/ul>\n<p>In addition to pipes, one can also support the renovation of the console.<\/p>\n<p><strong>Golden donor<\/strong><br \/>\nOne who donates 5400 euros or more will be named a Golden Donor. The sum of money equals the price in euros of a 100-gram gold bullion. The names of Golden Donors will be inscribed on the organ for posterity. All Golden Donors will be issued a certificate in their name and receive the certificate by post.<br \/>\nAs of now, the donations are not subject to preferential income tax, so it is advisable to send donations to J\u00f5el\u00e4htme Kogudus (J\u00f5el\u00e4htme Congregation) to get back some of the income tax. The congregation shall use the money only for the intended purpose.<\/p>\n<p>Beneficiary: <strong>J\u00f5el\u00e4htme Kirikum\u00f5isa Sihtasutus<\/strong><br \/>\nBeneficiary Bank:\u00a0LHV Pank AS, Tartu st 2, 10145 Tallinn, Estonia<br \/>\nBIC\/SWIFT: LHVBEE22<br \/>\nBank code: 689<br \/>\nAccont number: EE907700771007276357<br \/>\nPayment reference: Organ pipes<\/p>\n<p>PayPal account: joelahtme@kirikumoisa.eu<\/p>\n<p>In case of questions contact the fondation: <span dir=\"ltr\">joelahtme@kirikumoisa.eu<\/span><\/p>\n","protected":false},"excerpt":{"rendered":"<p>J\u00f5el\u00e4htme Kirikum\u00f5isa Sihtasutus The foundation was set up by MT\u00dc J\u00f5el\u00e4htme Kirikum\u00f5isa S\u00f5prade Selts (a non-profit organisation), J\u00f5el\u00e4htme vallavalitsus (J\u00f5el\u00e4htme municipality), and J\u00f5el\u00e4htme kogudus (J\u00f5el\u00e4htme Congregation). According to the statute, the aim of the foundation is to seek for funds and undertake the necessary construction work in order to renovate the vicarage, the other adjacent [&hellip;]<\/p>\n","protected":false},"author":1,"featured_media":0,"parent":0,"menu_order":0,"comment_status":"closed","ping_status":"open","template":"","meta":{"footnotes":""},"class_list":["post-2","page","type-page","status-publish","hentry","no-featured-image"],"_links":{"self":[{"href":"https:\/\/kirikumoisa.eu\/index.php?rest_route=\/wp\/v2\/pages\/2","targetHints":{"allow":["GET"]}}],"collection":[{"href":"https:\/\/kirikumoisa.eu\/index.php?rest_route=\/wp\/v2\/pages"}],"about":[{"href":"https:\/\/kirikumoisa.eu\/index.php?rest_route=\/wp\/v2\/types\/page"}],"author":[{"embeddable":true,"href":"https:\/\/kirikumoisa.eu\/index.php?rest_route=\/wp\/v2\/users\/1"}],"replies":[{"embeddable":true,"href":"https:\/\/kirikumoisa.eu\/index.php?rest_route=%2Fwp%2Fv2%2Fcomments&post=2"}],"version-history":[{"count":28,"href":"https:\/\/kirikumoisa.eu\/index.php?rest_route=\/wp\/v2\/pages\/2\/revisions"}],"predecessor-version":[{"id":437,"href":"https:\/\/kirikumoisa.eu\/index.php?rest_route=\/wp\/v2\/pages\/2\/revisions\/437"}],"wp:attachment":[{"href":"https:\/\/kirikumoisa.eu\/index.php?rest_route=%2Fwp%2Fv2%2Fmedia&parent=2"}],"curies":[{"name":"wp","href":"https:\/\/api.w.org\/{rel}","templated":true}]}}