{"id":26,"date":"2022-02-14T09:13:22","date_gmt":"2022-02-14T09:13:22","guid":{"rendered":"https:\/\/kirikumoisa.eu\/?page_id=26"},"modified":"2022-07-20T10:51:35","modified_gmt":"2022-07-20T08:51:35","slug":"tabel","status":"publish","type":"page","link":"https:\/\/kirikumoisa.eu\/?page_id=26","title":{"rendered":"Viled"},"content":{"rendered":"<h5 dir=\"auto\"><img loading=\"lazy\" decoding=\"async\" class=\"size-medium wp-image-150 alignright\" src=\"https:\/\/kirikumoisa.eu\/wp-content\/uploads\/2022\/02\/45B59CF4-BFD9-44CD-8E7A-4C3241695FAD-300x240.jpeg\" alt=\"\" width=\"300\" height=\"240\" srcset=\"https:\/\/kirikumoisa.eu\/wp-content\/uploads\/2022\/02\/45B59CF4-BFD9-44CD-8E7A-4C3241695FAD-300x240.jpeg 300w, https:\/\/kirikumoisa.eu\/wp-content\/uploads\/2022\/02\/45B59CF4-BFD9-44CD-8E7A-4C3241695FAD-1024x819.jpeg 1024w, https:\/\/kirikumoisa.eu\/wp-content\/uploads\/2022\/02\/45B59CF4-BFD9-44CD-8E7A-4C3241695FAD-768x614.jpeg 768w, https:\/\/kirikumoisa.eu\/wp-content\/uploads\/2022\/02\/45B59CF4-BFD9-44CD-8E7A-4C3241695FAD-1536x1228.jpeg 1536w, https:\/\/kirikumoisa.eu\/wp-content\/uploads\/2022\/02\/45B59CF4-BFD9-44CD-8E7A-4C3241695FAD-2048x1638.jpeg 2048w, https:\/\/kirikumoisa.eu\/wp-content\/uploads\/2022\/02\/45B59CF4-BFD9-44CD-8E7A-4C3241695FAD-800x640.jpeg 800w\" sizes=\"auto, (max-width: 300px) 100vw, 300px\" \/>Toeta oreli taastamist ja saa nimelise vile omanikuks. Nimeline vile sobib kingiks, lahkunu m\u00e4lestuseks v\u00f5i investeeringuks tulevikku.<\/h5>\n<div dir=\"auto\">J\u00f5el\u00e4htme Kirikum\u00f5isa Sihtasutus (SA) valis oma esimeseks ettev\u00f5tmiseks Gustav Normanni valmistatud oreli korda tegemise. Orel l\u00f5huti II maailmas\u00f5ja ajal ning k\u00e4ep\u00e4raste vahenditega seati see m\u00e4nguk\u00f5lbulikuks p\u00e4rast s\u00f5da. Viimased 25 aastat on orel vaikinud, sest puudu on hulk vilesid ja instrument vajab nii uuendamist kui ka restaureerimist.<\/div>\n<div dir=\"auto\">J\u00f5el\u00e4htme kiriku oreli kavandi ja dispositsiooni autor on professor Andres Uibo. Pilli ja oreliprospekti restaureerimine l\u00e4heb maksma ligi 250 000 eurot.<\/div>\n<div dir=\"auto\">Orelimeistriga lepingu s\u00f5lmimise j\u00e4rel peab SA tasuma v\u00e4hemalt 10 protsenti t\u00f6\u00f6de kogumaksumusest. Seep\u00e4rast algatab SA orelivilede m\u00fc\u00fcgi.<\/div>\n<div dir=\"auto\">Orelil on \u00fchtekokku 17 registrit, \u00fcks register sisaldab 56 vilet ja pedaaliregistris on 30 vilet. Oreli vilede hinnad algavad 30 eurost ning all olev tabel kajastab vilede koguarvu ja soetamist. Iga toetaja nimi kirjutatakse kirikus asuvasse spetsiaalsesse raamatusse ning konkreetse ostetud vile kohta v\u00e4ljastatakse elektrooniline v\u00f5i pabersertifikaat. Sertifikaadi k\u00e4ttesaamiseks palume \u00fchendust v\u00f5tta SAga meiliaadressil joelahtme@kirikumoisa.eu.<\/div>\n<div dir=\"auto\">Oreli uuendamiseks ostetud vilesid v\u00f5ib soetada v\u00f5i kinkida:<\/div>\n<ul>\n<li dir=\"auto\">r\u00f5\u00f5muks ja t\u00e4nuks;<\/li>\n<li dir=\"auto\">s\u00fcnni-, ristimise-, laulatuse- v\u00f5i leerip\u00e4evaks;<\/li>\n<li dir=\"auto\">lahkunu m\u00e4lestuseks;<\/li>\n<li dir=\"auto\">perekondlikeks t\u00e4htp\u00e4evadeks;<\/li>\n<li>investeeringuks tulevasele p\u00f5lvele<\/li>\n<\/ul>\n<p>Lisaks oreliviledele on v\u00f5imalik toetada m\u00e4ngupuldi valmimist. Annetaja nimi j\u00e4\u00e4dvustatakse m\u00e4ngupuldile.<\/p>\n<div>\n<div id=\"attachment_333\" style=\"width: 310px\" class=\"wp-caption alignleft\"><img loading=\"lazy\" decoding=\"async\" aria-describedby=\"caption-attachment-333\" class=\"wp-image-333 size-medium\" src=\"https:\/\/kirikumoisa.eu\/wp-content\/uploads\/2022\/03\/209B83EB-325C-42A1-96ED-A6463B175C4D-300x224.jpeg\" alt=\"\" width=\"300\" height=\"224\" srcset=\"https:\/\/kirikumoisa.eu\/wp-content\/uploads\/2022\/03\/209B83EB-325C-42A1-96ED-A6463B175C4D-300x224.jpeg 300w, https:\/\/kirikumoisa.eu\/wp-content\/uploads\/2022\/03\/209B83EB-325C-42A1-96ED-A6463B175C4D-1024x765.jpeg 1024w, https:\/\/kirikumoisa.eu\/wp-content\/uploads\/2022\/03\/209B83EB-325C-42A1-96ED-A6463B175C4D-768x574.jpeg 768w, https:\/\/kirikumoisa.eu\/wp-content\/uploads\/2022\/03\/209B83EB-325C-42A1-96ED-A6463B175C4D-1536x1148.jpeg 1536w, https:\/\/kirikumoisa.eu\/wp-content\/uploads\/2022\/03\/209B83EB-325C-42A1-96ED-A6463B175C4D-800x598.jpeg 800w, https:\/\/kirikumoisa.eu\/wp-content\/uploads\/2022\/03\/209B83EB-325C-42A1-96ED-A6463B175C4D.jpeg 1642w\" sizes=\"auto, (max-width: 300px) 100vw, 300px\" \/><p id=\"caption-attachment-333\" class=\"wp-caption-text\">Foto orelist enne II maailmas\u00f5da<\/p><\/div>\n<p class=\"s7\"><span class=\"s4\">Kuldannetaja aunimetuse saab<\/span><span class=\"s4\">&nbsp;inimene, kes on annetanud 5400 eurot v\u00f5i rohkem<\/span><span class=\"s4\">. Summa on t\u00e4nase p\u00e4eva ekvivalent 100 grammise kuldplaadi maksumusele. Kuldannetaja nimi koos annetuse suurusega j\u00e4\u00e4dvustatakse oreli k\u00fclgseinale ja see s\u00e4ilib seal kuni p\u00fcsivad orel ja kirik. Kuldannetaja saab nimelise&nbsp;<\/span><span class=\"s4\">sertifikaadi, mis saadetakse talle postiga kodusele aadressile.<\/span><\/p>\n<\/div>\n<p>Annetuse tegemiseks mine lehele <a href=\"https:\/\/kirikumoisa.eu\/?page_id=576\">\u201cToeta\u201d<\/a><\/p>\n<p>Kuula, millist h\u00e4\u00e4lt teeb oreli register:<br \/>\n<a href=\"http:\/\/www.organstops.org\/_sounds\/CavColMainz\/GO_Bourdon_arp.mp3\">Bourdon 16\u2018<\/a>, <a href=\"http:\/\/www.organstops.org\/_sounds\/Reinhardtsgrimma\/Hw_Principal8_arp.mp3\">Principal 8\u2018<\/a>, <a href=\"http:\/\/www.organstops.org\/_sounds\/FirstBaptistRiverside\/Sw_Rohrflute8_arp.mp3\">Rohrfl\u00f6te 8\u2018<\/a>, <a href=\"http:\/\/www.organstops.org\/_sounds\/Reinhardtsgrimma\/Hw_Octava4_arp.mp3\">Octave 4\u2018<\/a>, <a href=\"http:\/\/www.organstops.org\/_sounds\/Reinhardtsgrimma\/Hin_Nassat_arp.mp3\">Nazard 2 2\/3\u2018<\/a>, <a href=\"http:\/\/www.organstops.org\/_sounds\/Reinhardtsgrimma\/Hw_Octava2_arp.mp3\">Octave 2\u2018<\/a>, <a href=\"http:\/\/www.organstops.org\/_sounds\/Reinhardtsgrimma\/Hin_Tertia_arp.mp3\">Terz 1 3\/5\u2018<\/a>, <a href=\"http:\/\/www.organstops.org\/_sounds\/StAnnesMoseley\/Gt_Mixture_arp.mp3\">Mixtur 4X\u2018<\/a>, <a href=\"http:\/\/www.organstops.org\/_sounds\/Reinhardtsgrimma\/Hin_Gedacktes8_arp.mp3\">Gedact 8\u2018<\/a>, <a href=\"http:\/\/www.organstops.org\/_sounds\/KelloggAuditorium\/Gt_Flute_stan.mp3\">Flauto 4\u2018<\/a>, <a href=\"http:\/\/www.organstops.org\/_sounds\/StAnnesMoseley\/Gt_Principal4_arp.mp3\">Principal 4\u2018<\/a>, <a href=\"http:\/\/www.organstops.org\/_sounds\/FirstBaptistRiverside\/Gt_Waldfloete2_arp.mp3\">Waldfl\u00f6te 2\u2018<\/a>, <a href=\"http:\/\/www.organstops.org\/_sounds\/Reinhardtsgrimma\/Hin_Suffleute1_arp.mp3\">Siffl\u00f6te 1 1\/3\u2018<\/a>, <a href=\"http:\/\/www.organstops.org\/_sounds\/PrudhoeMethodist\/Gt_Dulciana_arp.mp3\">Dulzian 8\u2018<\/a>, <a href=\"http:\/\/www.organstops.org\/_sounds\/Reinhardtsgrimma\/Ped_Subbass_arp.mp3\">Subbass 16\u2018<\/a>, <a href=\"http:\/\/www.organstops.org\/_sounds\/Reinhardtsgrimma\/Ped_Octave_arp.mp3\">Octavbass 8\u2018<\/a>, <a href=\"http:\/\/www.organstops.org\/_sounds\/FirstBaptistRiverside\/Ped_Choralbass4_arp.mp3\">Choralbass 4\u2018<\/a>, <a href=\"http:\/\/www.organstops.org\/_sounds\/StAnnesMoseley\/Ped_Trombone16_arp.mp3\">Posaune 16\u2018<\/a>.<\/p>\n<h4>Vilede tabel<\/h4>\n\n<table id=\"tablepress-7\" class=\"tablepress tablepress-id-7\">\n<thead>\n<tr class=\"row-1\">\n\t<th class=\"column-1\">Vilede asukoht<\/th><th class=\"column-2\">Vilede arv<\/th><th class=\"column-3\">T\u00fcki hind<\/th><th class=\"column-4\">Toetusega vilede arv<\/th>\n<\/tr>\n<\/thead>\n<tbody class=\"row-striping row-hover\">\n<tr class=\"row-2\">\n\t<td class=\"column-1\"><\/td><td class=\"column-2\"><\/td><td class=\"column-3\"><\/td><td class=\"column-4\"><\/td>\n<\/tr>\n<tr class=\"row-3\">\n\t<td class=\"column-1\">Prospektiviled<\/td><td class=\"column-2\">21<\/td><td class=\"column-3\">1000 +<\/td><td class=\"column-4\">21<\/td>\n<\/tr>\n<tr class=\"row-4\">\n\t<td class=\"column-1\">Bourdon 16 C-h<\/td><td class=\"column-2\">24<\/td><td class=\"column-3\">400<\/td><td class=\"column-4\">12<\/td>\n<\/tr>\n<tr class=\"row-5\">\n\t<td class=\"column-1\">Bourdon 16 c'-g'''<\/td><td class=\"column-2\">32<\/td><td class=\"column-3\">400<\/td><td class=\"column-4\"><\/td>\n<\/tr>\n<tr class=\"row-6\">\n\t<td class=\"column-1\">Principal 8  C-h<\/td><td class=\"column-2\">24<\/td><td class=\"column-3\">300<\/td><td class=\"column-4\">14<\/td>\n<\/tr>\n<tr class=\"row-7\">\n\t<td class=\"column-1\">Principal 8  c'-g'''<\/td><td class=\"column-2\">32<\/td><td class=\"column-3\">300<\/td><td class=\"column-4\"><\/td>\n<\/tr>\n<tr class=\"row-8\">\n\t<td class=\"column-1\">Rohrfl\u00f6te 8  C-h<\/td><td class=\"column-2\">24<\/td><td class=\"column-3\">200<\/td><td class=\"column-4\">4<\/td>\n<\/tr>\n<tr class=\"row-9\">\n\t<td class=\"column-1\">Rohrfl\u00f6te 8 c'-g'''<\/td><td class=\"column-2\">32<\/td><td class=\"column-3\">200<\/td><td class=\"column-4\"><\/td>\n<\/tr>\n<tr class=\"row-10\">\n\t<td class=\"column-1\">Oktave 4 C-h<\/td><td class=\"column-2\">24<\/td><td class=\"column-3\">150<\/td><td class=\"column-4\">4<\/td>\n<\/tr>\n<tr class=\"row-11\">\n\t<td class=\"column-1\">Oktave 4 c'-g'''<\/td><td class=\"column-2\">32<\/td><td class=\"column-3\">150<\/td><td class=\"column-4\"><\/td>\n<\/tr>\n<tr class=\"row-12\">\n\t<td class=\"column-1\">Nazard 2 2\/3 C-h<\/td><td class=\"column-2\">24<\/td><td class=\"column-3\">130<\/td><td class=\"column-4\">1<\/td>\n<\/tr>\n<tr class=\"row-13\">\n\t<td class=\"column-1\">Nazard 2 2\/3 c'-g'''<\/td><td class=\"column-2\">32<\/td><td class=\"column-3\">130<\/td><td class=\"column-4\"><\/td>\n<\/tr>\n<tr class=\"row-14\">\n\t<td class=\"column-1\">Octave 2 C-h<\/td><td class=\"column-2\">24<\/td><td class=\"column-3\">100<\/td><td class=\"column-4\">24<\/td>\n<\/tr>\n<tr class=\"row-15\">\n\t<td class=\"column-1\">Octave 2 c'-g'''<\/td><td class=\"column-2\">32<\/td><td class=\"column-3\">100<\/td><td class=\"column-4\">11<\/td>\n<\/tr>\n<tr class=\"row-16\">\n\t<td class=\"column-1\">Terz 1 3\/5 C-h<\/td><td class=\"column-2\">24<\/td><td class=\"column-3\">80<\/td><td class=\"column-4\">20<\/td>\n<\/tr>\n<tr class=\"row-17\">\n\t<td class=\"column-1\">Terz 1 3\/5 c'-g'''<\/td><td class=\"column-2\">32<\/td><td class=\"column-3\">80<\/td><td class=\"column-4\"><\/td>\n<\/tr>\n<tr class=\"row-18\">\n\t<td class=\"column-1\">Mixtur 4X  C-h<\/td><td class=\"column-2\">24<\/td><td class=\"column-3\">250<\/td><td class=\"column-4\">5<\/td>\n<\/tr>\n<tr class=\"row-19\">\n\t<td class=\"column-1\">Mixtur 4X  c'-g'''<\/td><td class=\"column-2\">32<\/td><td class=\"column-3\">250<\/td><td class=\"column-4\"><\/td>\n<\/tr>\n<tr class=\"row-20\">\n\t<td class=\"column-1\">Gedact 8  C-h<\/td><td class=\"column-2\">24<\/td><td class=\"column-3\">250<\/td><td class=\"column-4\">2<\/td>\n<\/tr>\n<tr class=\"row-21\">\n\t<td class=\"column-1\">Gedact 8  c'-g'''<\/td><td class=\"column-2\">32<\/td><td class=\"column-3\">250<\/td><td class=\"column-4\"><\/td>\n<\/tr>\n<tr class=\"row-22\">\n\t<td class=\"column-1\">Flauto 4  C-h<\/td><td class=\"column-2\">24<\/td><td class=\"column-3\">150<\/td><td class=\"column-4\">10<\/td>\n<\/tr>\n<tr class=\"row-23\">\n\t<td class=\"column-1\">Flauto 4  c'-g'''<\/td><td class=\"column-2\">32<\/td><td class=\"column-3\">150<\/td><td class=\"column-4\"><\/td>\n<\/tr>\n<tr class=\"row-24\">\n\t<td class=\"column-1\">Principal 4  C-h<\/td><td class=\"column-2\">24<\/td><td class=\"column-3\">200<\/td><td class=\"column-4\">2<\/td>\n<\/tr>\n<tr class=\"row-25\">\n\t<td class=\"column-1\">Principal 4  c'-g'''<\/td><td class=\"column-2\">32<\/td><td class=\"column-3\">200<\/td><td class=\"column-4\"><\/td>\n<\/tr>\n<tr class=\"row-26\">\n\t<td class=\"column-1\">Waldfl\u00f6te 2  C-h<\/td><td class=\"column-2\">24<\/td><td class=\"column-3\">130<\/td><td class=\"column-4\">4<\/td>\n<\/tr>\n<tr class=\"row-27\">\n\t<td class=\"column-1\">Waldfl\u00f6te 2  c'-g'''<\/td><td class=\"column-2\">32<\/td><td class=\"column-3\">130<\/td><td class=\"column-4\"><\/td>\n<\/tr>\n<tr class=\"row-28\">\n\t<td class=\"column-1\">Siffl\u00f6te 1 1\/3  C-h<\/td><td class=\"column-2\">24<\/td><td class=\"column-3\">30<\/td><td class=\"column-4\">24<\/td>\n<\/tr>\n<tr class=\"row-29\">\n\t<td class=\"column-1\">Siffl\u00f6te 1 1\/3   c'-g'''<\/td><td class=\"column-2\">32<\/td><td class=\"column-3\">30<\/td><td class=\"column-4\">32<\/td>\n<\/tr>\n<tr class=\"row-30\">\n\t<td class=\"column-1\">Dulzian 8  C-h<\/td><td class=\"column-2\">24<\/td><td class=\"column-3\">200<\/td><td class=\"column-4\"><\/td>\n<\/tr>\n<tr class=\"row-31\">\n\t<td class=\"column-1\">Dulzian 8   c'-g'''<\/td><td class=\"column-2\">32<\/td><td class=\"column-3\">200<\/td><td class=\"column-4\"><\/td>\n<\/tr>\n<tr class=\"row-32\">\n\t<td class=\"column-1\"><div class=\"softmerge-inner\" style=\"width:121px;left:-1px\">Pedaal, Subbass 16  <\/div><\/td><td class=\"column-2\">30<\/td><td class=\"column-3\">350<\/td><td class=\"column-4\">4<\/td>\n<\/tr>\n<tr class=\"row-33\">\n\t<td class=\"column-1\"><div class=\"softmerge-inner\" style=\"width:121px;left:-1px\">Pedaal, Octavbass 8  <\/div><\/td><td class=\"column-2\">30<\/td><td class=\"column-3\">200<\/td><td class=\"column-4\">13<\/td>\n<\/tr>\n<tr class=\"row-34\">\n\t<td class=\"column-1\"><div class=\"softmerge-inner\" style=\"width:121px;left:-1px\">Pedaal, Choralbass  4  <\/div><\/td><td class=\"column-2\">30<\/td><td class=\"column-3\">100<\/td><td class=\"column-4\">23<\/td>\n<\/tr>\n<tr class=\"row-35\">\n\t<td class=\"column-1\"><div class=\"softmerge-inner\" style=\"width:121px;left:-1px\">Pedaal, Posaune 16  <\/div><\/td><td class=\"column-2\">30<\/td><td class=\"column-3\">400<\/td><td class=\"column-4\">20<\/td>\n<\/tr>\n<tr class=\"row-36\">\n\t<td class=\"column-1\">M\u00e4ngupult<\/td><td class=\"column-2\">1<\/td><td class=\"column-3\">40000<\/td><td class=\"column-4\"><\/td>\n<\/tr>\n<\/tbody>\n<\/table>\n<!-- #tablepress-7 from cache -->\n","protected":false},"excerpt":{"rendered":"<p>Toeta oreli taastamist ja saa nimelise vile omanikuks. Nimeline vile sobib kingiks, lahkunu m\u00e4lestuseks v\u00f5i investeeringuks tulevikku. J\u00f5el\u00e4htme Kirikum\u00f5isa Sihtasutus (SA) valis oma esimeseks ettev\u00f5tmiseks Gustav Normanni valmistatud oreli korda tegemise. Orel l\u00f5huti II maailmas\u00f5ja ajal ning k\u00e4ep\u00e4raste vahenditega seati see m\u00e4nguk\u00f5lbulikuks p\u00e4rast s\u00f5da. Viimased 25 aastat on orel vaikinud, sest puudu on hulk vilesid [&hellip;]<\/p>\n","protected":false},"author":1,"featured_media":0,"parent":0,"menu_order":0,"comment_status":"closed","ping_status":"closed","template":"","meta":{"footnotes":""},"class_list":["post-26","page","type-page","status-publish","hentry","no-featured-image"],"_links":{"self":[{"href":"https:\/\/kirikumoisa.eu\/index.php?rest_route=\/wp\/v2\/pages\/26","targetHints":{"allow":["GET"]}}],"collection":[{"href":"https:\/\/kirikumoisa.eu\/index.php?rest_route=\/wp\/v2\/pages"}],"about":[{"href":"https:\/\/kirikumoisa.eu\/index.php?rest_route=\/wp\/v2\/types\/page"}],"author":[{"embeddable":true,"href":"https:\/\/kirikumoisa.eu\/index.php?rest_route=\/wp\/v2\/users\/1"}],"replies":[{"embeddable":true,"href":"https:\/\/kirikumoisa.eu\/index.php?rest_route=%2Fwp%2Fv2%2Fcomments&post=26"}],"version-history":[{"count":57,"href":"https:\/\/kirikumoisa.eu\/index.php?rest_route=\/wp\/v2\/pages\/26\/revisions"}],"predecessor-version":[{"id":627,"href":"https:\/\/kirikumoisa.eu\/index.php?rest_route=\/wp\/v2\/pages\/26\/revisions\/627"}],"wp:attachment":[{"href":"https:\/\/kirikumoisa.eu\/index.php?rest_route=%2Fwp%2Fv2%2Fmedia&parent=26"}],"curies":[{"name":"wp","href":"https:\/\/api.w.org\/{rel}","templated":true}]}}