{"id":5,"date":"2022-02-14T08:33:40","date_gmt":"2022-02-14T06:33:40","guid":{"rendered":"https:\/\/kirikumoisa.eu\/?page_id=5"},"modified":"2022-02-19T17:21:15","modified_gmt":"2022-02-19T15:21:15","slug":"esileht","status":"publish","type":"page","link":"https:\/\/kirikumoisa.eu\/","title":{"rendered":""},"content":{"rendered":"<div id=\"attachment_41\" style=\"width: 599px\" class=\"wp-caption aligncenter\"><img loading=\"lazy\" decoding=\"async\" aria-describedby=\"caption-attachment-41\" class=\"wp-image-41\" src=\"https:\/\/kirikumoisa.eu\/wp-content\/uploads\/2022\/02\/1910-postkaart-300x140.jpg\" alt=\"\" width=\"589\" height=\"275\" srcset=\"https:\/\/kirikumoisa.eu\/wp-content\/uploads\/2022\/02\/1910-postkaart-300x140.jpg 300w, https:\/\/kirikumoisa.eu\/wp-content\/uploads\/2022\/02\/1910-postkaart-150x70.jpg 150w, https:\/\/kirikumoisa.eu\/wp-content\/uploads\/2022\/02\/1910-postkaart.jpg 640w\" sizes=\"auto, (max-width: 589px) 100vw, 589px\" \/><p id=\"caption-attachment-41\" class=\"wp-caption-text\">Postkaart 20. saj algusest vaatega J\u00f5el\u00e4htme kirikum\u00f5isale<\/p><\/div>\n<p style=\"text-align: left;\">Sihtasutus (SA) on loodud MT\u00dc J\u00f5el\u00e4htme Kirikum\u00f5isa S\u00f5prade Seltsi, J\u00f5el\u00e4htme vallavalitsuse ja J\u00f5el\u00e4htme koguduse poolt. SA p\u00f5hikirjaline eesm\u00e4rk on ajaloolise kirikum\u00f5isa ja seal asuvate hoonete ja nende sisustuse, sealhulgas kiriku ja pastoraadihoone ning kinnistul asuva taristu restaureerimis- ja ehitust\u00f6\u00f6de korraldamine ja rahastuse leidmine.<a href=\"https:\/\/www.facebook.com\/joelahtmekirikumoisa\/\"><br \/>\n<\/a><\/p>\n<p><a href=\"https:\/\/www.facebook.com\/joelahtmekirikumoisa\/\"><img loading=\"lazy\" decoding=\"async\" class=\"alignnone size-full wp-image-184\" src=\"https:\/\/kirikumoisa.eu\/wp-content\/uploads\/2022\/02\/319B5538-DCCD-40DA-B052-73DF5541F5C7-e1645229997195.png\" alt=\"\" width=\"40\" height=\"40\" \/><\/a><\/p>\n","protected":false},"excerpt":{"rendered":"<p>Sihtasutus (SA) on loodud MT\u00dc J\u00f5el\u00e4htme Kirikum\u00f5isa S\u00f5prade Seltsi, J\u00f5el\u00e4htme vallavalitsuse ja J\u00f5el\u00e4htme koguduse poolt. SA p\u00f5hikirjaline eesm\u00e4rk on ajaloolise kirikum\u00f5isa ja seal asuvate hoonete ja nende sisustuse, sealhulgas kiriku ja pastoraadihoone ning kinnistul asuva taristu restaureerimis- ja ehitust\u00f6\u00f6de korraldamine ja rahastuse leidmine.<\/p>\n","protected":false},"author":1,"featured_media":0,"parent":0,"menu_order":0,"comment_status":"closed","ping_status":"closed","template":"","meta":{"footnotes":""},"class_list":["post-5","page","type-page","status-publish","hentry","no-featured-image"],"_links":{"self":[{"href":"https:\/\/kirikumoisa.eu\/index.php?rest_route=\/wp\/v2\/pages\/5","targetHints":{"allow":["GET"]}}],"collection":[{"href":"https:\/\/kirikumoisa.eu\/index.php?rest_route=\/wp\/v2\/pages"}],"about":[{"href":"https:\/\/kirikumoisa.eu\/index.php?rest_route=\/wp\/v2\/types\/page"}],"author":[{"embeddable":true,"href":"https:\/\/kirikumoisa.eu\/index.php?rest_route=\/wp\/v2\/users\/1"}],"replies":[{"embeddable":true,"href":"https:\/\/kirikumoisa.eu\/index.php?rest_route=%2Fwp%2Fv2%2Fcomments&post=5"}],"version-history":[{"count":23,"href":"https:\/\/kirikumoisa.eu\/index.php?rest_route=\/wp\/v2\/pages\/5\/revisions"}],"predecessor-version":[{"id":194,"href":"https:\/\/kirikumoisa.eu\/index.php?rest_route=\/wp\/v2\/pages\/5\/revisions\/194"}],"wp:attachment":[{"href":"https:\/\/kirikumoisa.eu\/index.php?rest_route=%2Fwp%2Fv2%2Fmedia&parent=5"}],"curies":[{"name":"wp","href":"https:\/\/api.w.org\/{rel}","templated":true}]}}