{"id":576,"date":"2022-07-18T22:59:25","date_gmt":"2022-07-18T20:59:25","guid":{"rendered":"https:\/\/kirikumoisa.eu\/?page_id=576"},"modified":"2026-02-06T13:20:38","modified_gmt":"2026-02-06T11:20:38","slug":"toeta","status":"publish","type":"page","link":"https:\/\/kirikumoisa.eu\/?page_id=576","title":{"rendered":"Toeta"},"content":{"rendered":"<p>Toeta J\u00f5el\u00e4htme kiriku oreli taastamist<\/p>\n<p><strong>Panga\u00fclekandega<br \/>\n<\/strong>Maksesaaja: J\u00f5el\u00e4htme Kirikum\u00f5isa Sihtasutus<br \/>\nArvelduskonto number: EE907700771007276357<br \/>\nLHV pank BIC\/SWIFT: LHVBEE22<br \/>\nSelgitus: Orelivile<\/p>\n<p>J\u00f5el\u00e4htme Kirikum\u00f5isa Sihtasutus on alates 1. septembrist 2022 tulumaksusoodustustega \u00fchingute nimekirjas ja eraisikud saavad annetatud summadelt tulumaksu tagasi.<br \/>\nTulumaksu tagastamiseks lisage \u00fclekandele ka oma <strong>isikukood<\/strong>.<\/p>\n<p>Firmad aga ei pea maksma lisaks tulumaksu Maksu- ja Tolliametile.<\/p>\n<hr \/>\n<p><strong>Annetustelefon<\/strong><br \/>\nHelistades <strong>annetustelefonile 9000077<\/strong> toetate 15 euroga oreli taastamist.\u00a0Kuulake palun k\u00f5lav s\u00f5num l\u00f5puni, et annetus laekuks.<\/p>\n<hr \/>\n<p><strong>PayPali konto<\/strong>: joelahtme@kirikumoisa.eu<\/p>\n<hr \/>\n<p><strong>Pangalink<\/strong><br \/>\nPangalingi kaudu J\u00f5el\u00e4htme Kirikum\u00f5isa Sihtasutust toetades vali v\u00f5i sisesta endale meelep\u00e4rane summa ja vali vastav pank. Makseid vahendab Maksekeskus AS.<\/p>\n<div class=\"mkdf-snippet\" data-project=\"a61d906c-f49a-44a0-abb5-45b06e950697\" data-locale=\"et\"><\/div>\n<p><script src=\"https:\/\/payment.maksekeskus.ee\/static\/js\/donation\/donation.js\"><\/script><\/p>\n<hr \/>\n<p>Enda andmeid sisestades n\u00f5ustute meie\u00a0<a href=\"https:\/\/kirikumoisa.eu\/?page_id=578\">privaatsuspoliitikaga<\/a>.<\/p>\n","protected":false},"excerpt":{"rendered":"<p>Toeta J\u00f5el\u00e4htme kiriku oreli taastamist Panga\u00fclekandega Maksesaaja: J\u00f5el\u00e4htme Kirikum\u00f5isa Sihtasutus Arvelduskonto number: EE907700771007276357 LHV pank BIC\/SWIFT: LHVBEE22 Selgitus: Orelivile J\u00f5el\u00e4htme Kirikum\u00f5isa Sihtasutus on alates 1. septembrist 2022 tulumaksusoodustustega \u00fchingute nimekirjas ja eraisikud saavad annetatud summadelt tulumaksu tagasi. Tulumaksu tagastamiseks lisage \u00fclekandele ka oma isikukood. Firmad aga ei pea maksma lisaks tulumaksu Maksu- ja Tolliametile. Annetustelefon [&hellip;]<\/p>\n","protected":false},"author":2,"featured_media":0,"parent":0,"menu_order":0,"comment_status":"closed","ping_status":"closed","template":"","meta":{"footnotes":""},"class_list":["post-576","page","type-page","status-publish","hentry","no-featured-image"],"_links":{"self":[{"href":"https:\/\/kirikumoisa.eu\/index.php?rest_route=\/wp\/v2\/pages\/576","targetHints":{"allow":["GET"]}}],"collection":[{"href":"https:\/\/kirikumoisa.eu\/index.php?rest_route=\/wp\/v2\/pages"}],"about":[{"href":"https:\/\/kirikumoisa.eu\/index.php?rest_route=\/wp\/v2\/types\/page"}],"author":[{"embeddable":true,"href":"https:\/\/kirikumoisa.eu\/index.php?rest_route=\/wp\/v2\/users\/2"}],"replies":[{"embeddable":true,"href":"https:\/\/kirikumoisa.eu\/index.php?rest_route=%2Fwp%2Fv2%2Fcomments&post=576"}],"version-history":[{"count":19,"href":"https:\/\/kirikumoisa.eu\/index.php?rest_route=\/wp\/v2\/pages\/576\/revisions"}],"predecessor-version":[{"id":901,"href":"https:\/\/kirikumoisa.eu\/index.php?rest_route=\/wp\/v2\/pages\/576\/revisions\/901"}],"wp:attachment":[{"href":"https:\/\/kirikumoisa.eu\/index.php?rest_route=%2Fwp%2Fv2%2Fmedia&parent=576"}],"curies":[{"name":"wp","href":"https:\/\/api.w.org\/{rel}","templated":true}]}}