{"id":7,"date":"2022-02-14T08:34:26","date_gmt":"2022-02-14T08:34:26","guid":{"rendered":"https:\/\/kirikumoisa.eu\/?page_id=7"},"modified":"2022-02-19T21:41:42","modified_gmt":"2022-02-19T19:41:42","slug":"oreli-taastamine","status":"publish","type":"page","link":"https:\/\/kirikumoisa.eu\/?page_id=7","title":{"rendered":"MT\u00dc Kirikum\u00f5isa S\u00f5prade Selts"},"content":{"rendered":"<p>MT\u00dc J\u00f5el\u00e4htme Kirikum\u00f5isa S\u00f5prade Seltsiga on v\u00f5imalik liituda k\u00f5igil soovijail<\/p>\n<p><strong>J\u00f5el\u00e4htme Kirikum\u00f5isa S\u00f5prade Selts MT\u00dc<\/strong><br \/>\nRegistrikood 80601742<br \/>\nJuhatuse esimees: Uku Tuul<br \/>\njkssmtu@google.com<\/p>\n","protected":false},"excerpt":{"rendered":"<p>MT\u00dc J\u00f5el\u00e4htme Kirikum\u00f5isa S\u00f5prade Seltsiga on v\u00f5imalik liituda k\u00f5igil soovijail J\u00f5el\u00e4htme Kirikum\u00f5isa S\u00f5prade Selts MT\u00dc Registrikood 80601742 Juhatuse esimees: Uku Tuul jkssmtu@google.com<\/p>\n","protected":false},"author":1,"featured_media":0,"parent":0,"menu_order":0,"comment_status":"closed","ping_status":"closed","template":"","meta":{"footnotes":""},"class_list":["post-7","page","type-page","status-publish","hentry","no-featured-image"],"_links":{"self":[{"href":"https:\/\/kirikumoisa.eu\/index.php?rest_route=\/wp\/v2\/pages\/7","targetHints":{"allow":["GET"]}}],"collection":[{"href":"https:\/\/kirikumoisa.eu\/index.php?rest_route=\/wp\/v2\/pages"}],"about":[{"href":"https:\/\/kirikumoisa.eu\/index.php?rest_route=\/wp\/v2\/types\/page"}],"author":[{"embeddable":true,"href":"https:\/\/kirikumoisa.eu\/index.php?rest_route=\/wp\/v2\/users\/1"}],"replies":[{"embeddable":true,"href":"https:\/\/kirikumoisa.eu\/index.php?rest_route=%2Fwp%2Fv2%2Fcomments&post=7"}],"version-history":[{"count":9,"href":"https:\/\/kirikumoisa.eu\/index.php?rest_route=\/wp\/v2\/pages\/7\/revisions"}],"predecessor-version":[{"id":202,"href":"https:\/\/kirikumoisa.eu\/index.php?rest_route=\/wp\/v2\/pages\/7\/revisions\/202"}],"wp:attachment":[{"href":"https:\/\/kirikumoisa.eu\/index.php?rest_route=%2Fwp%2Fv2%2Fmedia&parent=7"}],"curies":[{"name":"wp","href":"https:\/\/api.w.org\/{rel}","templated":true}]}}