{"id":819,"date":"2024-12-11T10:17:04","date_gmt":"2024-12-11T08:17:04","guid":{"rendered":"https:\/\/kirikumoisa.eu\/?page_id=819"},"modified":"2025-12-09T11:59:44","modified_gmt":"2025-12-09T09:59:44","slug":"toetajad","status":"publish","type":"page","link":"https:\/\/kirikumoisa.eu\/?page_id=819","title":{"rendered":"Toetajad"},"content":{"rendered":"<p>1. Eesti Kultuurkapital on toetanud J\u00f5el\u00e4htme kiriku oreli ehitamist 47 000 euroga. <img loading=\"lazy\" decoding=\"async\" class=\"aligncenter wp-image-821 size-full\" src=\"https:\/\/kirikumoisa.eu\/wp-content\/uploads\/2024\/12\/Kultuurkapital_Logo.png\" alt=\"\" width=\"594\" height=\"225\" srcset=\"https:\/\/kirikumoisa.eu\/wp-content\/uploads\/2024\/12\/Kultuurkapital_Logo.png 594w, https:\/\/kirikumoisa.eu\/wp-content\/uploads\/2024\/12\/Kultuurkapital_Logo-300x114.png 300w\" sizes=\"auto, (max-width: 594px) 100vw, 594px\" \/><\/p>\n<hr \/>\n<p>2. J\u00f5el\u00e4htme kiriku r\u00f5du ja pikihoone v\u00f5lvide restaureerimist on toetatud LEADER-programmist.<\/p>\n<p><img loading=\"lazy\" decoding=\"async\" class=\"aligncenter wp-image-826 size-full\" src=\"https:\/\/kirikumoisa.eu\/wp-content\/uploads\/2024\/12\/Veebilehe-teavitus_Joelahtme-kirik-scaled.jpg\" alt=\"\" width=\"1810\" height=\"2560\" srcset=\"https:\/\/kirikumoisa.eu\/wp-content\/uploads\/2024\/12\/Veebilehe-teavitus_Joelahtme-kirik-scaled.jpg 1810w, https:\/\/kirikumoisa.eu\/wp-content\/uploads\/2024\/12\/Veebilehe-teavitus_Joelahtme-kirik-212x300.jpg 212w, https:\/\/kirikumoisa.eu\/wp-content\/uploads\/2024\/12\/Veebilehe-teavitus_Joelahtme-kirik-724x1024.jpg 724w, https:\/\/kirikumoisa.eu\/wp-content\/uploads\/2024\/12\/Veebilehe-teavitus_Joelahtme-kirik-768x1086.jpg 768w, https:\/\/kirikumoisa.eu\/wp-content\/uploads\/2024\/12\/Veebilehe-teavitus_Joelahtme-kirik-1086x1536.jpg 1086w, https:\/\/kirikumoisa.eu\/wp-content\/uploads\/2024\/12\/Veebilehe-teavitus_Joelahtme-kirik-1448x2048.jpg 1448w, https:\/\/kirikumoisa.eu\/wp-content\/uploads\/2024\/12\/Veebilehe-teavitus_Joelahtme-kirik-800x1131.jpg 800w\" sizes=\"auto, (max-width: 1810px) 100vw, 1810px\" \/><\/p>\n<hr \/>\n<p>3. J\u00f5el\u00e4htme kiriku r\u00f5du v\u00e4rvimist ja pikihoone seinte restaureerimist on toetatud LEADER-programmist.<\/p>\n<p><img loading=\"lazy\" decoding=\"async\" class=\"alignnone size-large wp-image-892\" src=\"https:\/\/kirikumoisa.eu\/wp-content\/uploads\/2025\/12\/UPP_2023-2027_Leader-1024x638.png\" alt=\"\" width=\"672\" height=\"419\" srcset=\"https:\/\/kirikumoisa.eu\/wp-content\/uploads\/2025\/12\/UPP_2023-2027_Leader-1024x638.png 1024w, https:\/\/kirikumoisa.eu\/wp-content\/uploads\/2025\/12\/UPP_2023-2027_Leader-300x187.png 300w, https:\/\/kirikumoisa.eu\/wp-content\/uploads\/2025\/12\/UPP_2023-2027_Leader-768x479.png 768w, https:\/\/kirikumoisa.eu\/wp-content\/uploads\/2025\/12\/UPP_2023-2027_Leader-800x499.png 800w, https:\/\/kirikumoisa.eu\/wp-content\/uploads\/2025\/12\/UPP_2023-2027_Leader.png 1439w\" sizes=\"auto, (max-width: 672px) 100vw, 672px\" \/><\/p>\n<p>&nbsp;<\/p>\n","protected":false},"excerpt":{"rendered":"<p>1. Eesti Kultuurkapital on toetanud J\u00f5el\u00e4htme kiriku oreli ehitamist 47 000 euroga. 2. J\u00f5el\u00e4htme kiriku r\u00f5du ja pikihoone v\u00f5lvide restaureerimist on toetatud LEADER-programmist. 3. J\u00f5el\u00e4htme kiriku r\u00f5du v\u00e4rvimist ja pikihoone seinte restaureerimist on toetatud LEADER-programmist. &nbsp;<\/p>\n","protected":false},"author":2,"featured_media":0,"parent":0,"menu_order":0,"comment_status":"closed","ping_status":"closed","template":"","meta":{"footnotes":""},"class_list":["post-819","page","type-page","status-publish","hentry","no-featured-image"],"_links":{"self":[{"href":"https:\/\/kirikumoisa.eu\/index.php?rest_route=\/wp\/v2\/pages\/819","targetHints":{"allow":["GET"]}}],"collection":[{"href":"https:\/\/kirikumoisa.eu\/index.php?rest_route=\/wp\/v2\/pages"}],"about":[{"href":"https:\/\/kirikumoisa.eu\/index.php?rest_route=\/wp\/v2\/types\/page"}],"author":[{"embeddable":true,"href":"https:\/\/kirikumoisa.eu\/index.php?rest_route=\/wp\/v2\/users\/2"}],"replies":[{"embeddable":true,"href":"https:\/\/kirikumoisa.eu\/index.php?rest_route=%2Fwp%2Fv2%2Fcomments&post=819"}],"version-history":[{"count":14,"href":"https:\/\/kirikumoisa.eu\/index.php?rest_route=\/wp\/v2\/pages\/819\/revisions"}],"predecessor-version":[{"id":893,"href":"https:\/\/kirikumoisa.eu\/index.php?rest_route=\/wp\/v2\/pages\/819\/revisions\/893"}],"wp:attachment":[{"href":"https:\/\/kirikumoisa.eu\/index.php?rest_route=%2Fwp%2Fv2%2Fmedia&parent=819"}],"curies":[{"name":"wp","href":"https:\/\/api.w.org\/{rel}","templated":true}]}}